{"id":1639,"date":"2025-08-05T13:21:55","date_gmt":"2025-08-05T11:21:55","guid":{"rendered":"https:\/\/new.iccc.ch\/anmeldeformular-fuer-neue-mitglieder\/"},"modified":"2026-03-24T20:49:28","modified_gmt":"2026-03-24T19:49:28","slug":"anmeldeformular-fuer-neue-mitglieder","status":"publish","type":"page","link":"https:\/\/iccc.ch\/de\/anmeldeformular-fuer-neue-mitglieder\/","title":{"rendered":"Anmeldeformular f\u00fcr neue Mitglieder"},"content":{"rendered":"<h1>Anmeldeformular f\u00fcr neue Mitglieder<\/h1>\n<p data-start=\"209\" data-end=\"285\">Sind Sie bereit den n\u00e4chsten Schritt zu wagen? Wir freuen uns sehr, dass Sie Interesse an einer Mitgliedschaft bei der ICCC Schweiz haben. <\/p>\n<p data-start=\"287\" data-end=\"471\">Bitte f\u00fcllen Sie das untenstehende Formular aus, damit wir Sie kennenlernen k\u00f6nnen. Nach dem Absenden wird sich unser Team pers\u00f6nlich mit Ihnen in Verbindung setzen, um mit Ihnen den n\u00e4chsten Schritt zu besprechen <\/p>\n<p>Sollten Sie sich keiner der drei oben genannten Kategorien zugeh\u00f6rig f\u00fchlen, kontaktieren Sie uns bitte direkt unter <a href=\"mailto:contact@iccc.ch\">contact@iccc.ch<\/a>. Gerne besprechen wir mit Ihnen andere Mitgliedschaftsoptionen. <\/p>\n","protected":false},"excerpt":{"rendered":"<p>Anmeldeformular f\u00fcr neue Mitglieder Sind Sie bereit den n\u00e4chsten Schritt zu wagen? Wir freuen uns sehr, dass Sie Interesse an einer Mitgliedschaft bei der ICCC Schweiz haben. Bitte f\u00fcllen Sie das untenstehende Formular aus, damit wir Sie kennenlernen k\u00f6nnen. Nach dem Absenden wird sich unser Team pers\u00f6nlich mit Ihnen in Verbindung setzen, um mit Ihnen [&hellip;]<\/p>\n","protected":false},"author":12,"featured_media":1497,"parent":0,"menu_order":0,"comment_status":"closed","ping_status":"closed","template":"","meta":{"_acf_changed":false,"footnotes":""},"class_list":["post-1639","page","type-page","status-publish","has-post-thumbnail","hentry"],"acf":[],"yoast_head":"<!-- This site is optimized with the Yoast SEO plugin v27.3 - https:\/\/yoast.com\/product\/yoast-seo-wordpress\/ -->\n<title>Registrieren Sie sich jetzt f\u00fcr eine Mitgliedschaft bei ICCC<\/title>\n<meta name=\"description\" content=\"Treten Sie ICCC Schweiz bei: Jetzt registrieren und mit europ\u00e4ischen christlichen Wirtschaftsf\u00fchrern vernetzen. Mitgliedschaft ab...\" \/>\n<meta name=\"robots\" content=\"index, follow, max-snippet:-1, max-image-preview:large, max-video-preview:-1\" \/>\n<link rel=\"canonical\" href=\"https:\/\/iccc.ch\/de\/anmeldeformular-fuer-neue-mitglieder\/\" \/>\n<meta property=\"og:locale\" content=\"de_DE\" \/>\n<meta property=\"og:type\" content=\"article\" \/>\n<meta property=\"og:title\" content=\"Registrieren Sie sich jetzt f\u00fcr eine Mitgliedschaft bei ICCC\" \/>\n<meta property=\"og:description\" content=\"Treten Sie ICCC Schweiz bei: Jetzt registrieren und mit europ\u00e4ischen christlichen Wirtschaftsf\u00fchrern vernetzen. Mitgliedschaft ab...\" \/>\n<meta property=\"og:url\" content=\"https:\/\/iccc.ch\/de\/anmeldeformular-fuer-neue-mitglieder\/\" \/>\n<meta property=\"og:site_name\" content=\"ICCC SWITZERLAND\" \/>\n<meta property=\"article:modified_time\" content=\"2026-03-24T19:49:28+00:00\" \/>\n<meta property=\"og:image\" content=\"https:\/\/iccc.ch\/wp-content\/uploads\/2149291035.jpg\" \/>\n\t<meta property=\"og:image:width\" content=\"1200\" \/>\n\t<meta property=\"og:image:height\" content=\"800\" \/>\n\t<meta property=\"og:image:type\" content=\"image\/jpeg\" \/>\n<meta name=\"twitter:card\" content=\"summary_large_image\" \/>\n<script type=\"application\/ld+json\" class=\"yoast-schema-graph\">{\"@context\":\"https:\\\/\\\/schema.org\",\"@graph\":[{\"@type\":\"WebPage\",\"@id\":\"https:\\\/\\\/iccc.ch\\\/de\\\/anmeldeformular-fuer-neue-mitglieder\\\/\",\"url\":\"https:\\\/\\\/iccc.ch\\\/de\\\/anmeldeformular-fuer-neue-mitglieder\\\/\",\"name\":\"Registrieren Sie sich jetzt f\u00fcr eine Mitgliedschaft bei ICCC\",\"isPartOf\":{\"@id\":\"https:\\\/\\\/iccc.ch\\\/de\\\/#website\"},\"primaryImageOfPage\":{\"@id\":\"https:\\\/\\\/iccc.ch\\\/de\\\/anmeldeformular-fuer-neue-mitglieder\\\/#primaryimage\"},\"image\":{\"@id\":\"https:\\\/\\\/iccc.ch\\\/de\\\/anmeldeformular-fuer-neue-mitglieder\\\/#primaryimage\"},\"thumbnailUrl\":\"https:\\\/\\\/iccc.ch\\\/wp-content\\\/uploads\\\/2149291035.jpg\",\"datePublished\":\"2025-08-05T11:21:55+00:00\",\"dateModified\":\"2026-03-24T19:49:28+00:00\",\"description\":\"Treten Sie ICCC Schweiz bei: Jetzt registrieren und mit europ\u00e4ischen christlichen Wirtschaftsf\u00fchrern vernetzen. Mitgliedschaft ab...\",\"breadcrumb\":{\"@id\":\"https:\\\/\\\/iccc.ch\\\/de\\\/anmeldeformular-fuer-neue-mitglieder\\\/#breadcrumb\"},\"inLanguage\":\"de\",\"potentialAction\":[{\"@type\":\"ReadAction\",\"target\":[\"https:\\\/\\\/iccc.ch\\\/de\\\/anmeldeformular-fuer-neue-mitglieder\\\/\"]}]},{\"@type\":\"ImageObject\",\"inLanguage\":\"de\",\"@id\":\"https:\\\/\\\/iccc.ch\\\/de\\\/anmeldeformular-fuer-neue-mitglieder\\\/#primaryimage\",\"url\":\"https:\\\/\\\/iccc.ch\\\/wp-content\\\/uploads\\\/2149291035.jpg\",\"contentUrl\":\"https:\\\/\\\/iccc.ch\\\/wp-content\\\/uploads\\\/2149291035.jpg\",\"width\":1200,\"height\":800},{\"@type\":\"BreadcrumbList\",\"@id\":\"https:\\\/\\\/iccc.ch\\\/de\\\/anmeldeformular-fuer-neue-mitglieder\\\/#breadcrumb\",\"itemListElement\":[{\"@type\":\"ListItem\",\"position\":1,\"name\":\"Home\",\"item\":\"https:\\\/\\\/iccc.ch\\\/de\\\/\"},{\"@type\":\"ListItem\",\"position\":2,\"name\":\"Anmeldeformular f\u00fcr neue Mitglieder\"}]},{\"@type\":\"WebSite\",\"@id\":\"https:\\\/\\\/iccc.ch\\\/de\\\/#website\",\"url\":\"https:\\\/\\\/iccc.ch\\\/de\\\/\",\"name\":\"ICCC SWITZERLAND\",\"description\":\"International Chamber of Christian Commerce\",\"publisher\":{\"@id\":\"https:\\\/\\\/iccc.ch\\\/de\\\/#organization\"},\"potentialAction\":[{\"@type\":\"SearchAction\",\"target\":{\"@type\":\"EntryPoint\",\"urlTemplate\":\"https:\\\/\\\/iccc.ch\\\/de\\\/?s={search_term_string}\"},\"query-input\":{\"@type\":\"PropertyValueSpecification\",\"valueRequired\":true,\"valueName\":\"search_term_string\"}}],\"inLanguage\":\"de\"},{\"@type\":\"Organization\",\"@id\":\"https:\\\/\\\/iccc.ch\\\/de\\\/#organization\",\"name\":\"ICCC SWITZERLAND\",\"url\":\"https:\\\/\\\/iccc.ch\\\/de\\\/\",\"logo\":{\"@type\":\"ImageObject\",\"inLanguage\":\"de\",\"@id\":\"https:\\\/\\\/iccc.ch\\\/de\\\/#\\\/schema\\\/logo\\\/image\\\/\",\"url\":\"https:\\\/\\\/iccc.ch\\\/wp-content\\\/uploads\\\/ICCC_Logo_highres.svg\",\"contentUrl\":\"https:\\\/\\\/iccc.ch\\\/wp-content\\\/uploads\\\/ICCC_Logo_highres.svg\",\"width\":119,\"height\":202,\"caption\":\"ICCC SWITZERLAND\"},\"image\":{\"@id\":\"https:\\\/\\\/iccc.ch\\\/de\\\/#\\\/schema\\\/logo\\\/image\\\/\"}}]}<\/script>\n<!-- \/ Yoast SEO plugin. -->","yoast_head_json":{"title":"Registrieren Sie sich jetzt f\u00fcr eine Mitgliedschaft bei ICCC","description":"Treten Sie ICCC Schweiz bei: Jetzt registrieren und mit europ\u00e4ischen christlichen Wirtschaftsf\u00fchrern vernetzen. Mitgliedschaft ab...","robots":{"index":"index","follow":"follow","max-snippet":"max-snippet:-1","max-image-preview":"max-image-preview:large","max-video-preview":"max-video-preview:-1"},"canonical":"https:\/\/iccc.ch\/de\/anmeldeformular-fuer-neue-mitglieder\/","og_locale":"de_DE","og_type":"article","og_title":"Registrieren Sie sich jetzt f\u00fcr eine Mitgliedschaft bei ICCC","og_description":"Treten Sie ICCC Schweiz bei: Jetzt registrieren und mit europ\u00e4ischen christlichen Wirtschaftsf\u00fchrern vernetzen. Mitgliedschaft ab...","og_url":"https:\/\/iccc.ch\/de\/anmeldeformular-fuer-neue-mitglieder\/","og_site_name":"ICCC SWITZERLAND","article_modified_time":"2026-03-24T19:49:28+00:00","og_image":[{"width":1200,"height":800,"url":"https:\/\/iccc.ch\/wp-content\/uploads\/2149291035.jpg","type":"image\/jpeg"}],"twitter_card":"summary_large_image","schema":{"@context":"https:\/\/schema.org","@graph":[{"@type":"WebPage","@id":"https:\/\/iccc.ch\/de\/anmeldeformular-fuer-neue-mitglieder\/","url":"https:\/\/iccc.ch\/de\/anmeldeformular-fuer-neue-mitglieder\/","name":"Registrieren Sie sich jetzt f\u00fcr eine Mitgliedschaft bei ICCC","isPartOf":{"@id":"https:\/\/iccc.ch\/de\/#website"},"primaryImageOfPage":{"@id":"https:\/\/iccc.ch\/de\/anmeldeformular-fuer-neue-mitglieder\/#primaryimage"},"image":{"@id":"https:\/\/iccc.ch\/de\/anmeldeformular-fuer-neue-mitglieder\/#primaryimage"},"thumbnailUrl":"https:\/\/iccc.ch\/wp-content\/uploads\/2149291035.jpg","datePublished":"2025-08-05T11:21:55+00:00","dateModified":"2026-03-24T19:49:28+00:00","description":"Treten Sie ICCC Schweiz bei: Jetzt registrieren und mit europ\u00e4ischen christlichen Wirtschaftsf\u00fchrern vernetzen. Mitgliedschaft ab...","breadcrumb":{"@id":"https:\/\/iccc.ch\/de\/anmeldeformular-fuer-neue-mitglieder\/#breadcrumb"},"inLanguage":"de","potentialAction":[{"@type":"ReadAction","target":["https:\/\/iccc.ch\/de\/anmeldeformular-fuer-neue-mitglieder\/"]}]},{"@type":"ImageObject","inLanguage":"de","@id":"https:\/\/iccc.ch\/de\/anmeldeformular-fuer-neue-mitglieder\/#primaryimage","url":"https:\/\/iccc.ch\/wp-content\/uploads\/2149291035.jpg","contentUrl":"https:\/\/iccc.ch\/wp-content\/uploads\/2149291035.jpg","width":1200,"height":800},{"@type":"BreadcrumbList","@id":"https:\/\/iccc.ch\/de\/anmeldeformular-fuer-neue-mitglieder\/#breadcrumb","itemListElement":[{"@type":"ListItem","position":1,"name":"Home","item":"https:\/\/iccc.ch\/de\/"},{"@type":"ListItem","position":2,"name":"Anmeldeformular f\u00fcr neue Mitglieder"}]},{"@type":"WebSite","@id":"https:\/\/iccc.ch\/de\/#website","url":"https:\/\/iccc.ch\/de\/","name":"ICCC SWITZERLAND","description":"International Chamber of Christian Commerce","publisher":{"@id":"https:\/\/iccc.ch\/de\/#organization"},"potentialAction":[{"@type":"SearchAction","target":{"@type":"EntryPoint","urlTemplate":"https:\/\/iccc.ch\/de\/?s={search_term_string}"},"query-input":{"@type":"PropertyValueSpecification","valueRequired":true,"valueName":"search_term_string"}}],"inLanguage":"de"},{"@type":"Organization","@id":"https:\/\/iccc.ch\/de\/#organization","name":"ICCC SWITZERLAND","url":"https:\/\/iccc.ch\/de\/","logo":{"@type":"ImageObject","inLanguage":"de","@id":"https:\/\/iccc.ch\/de\/#\/schema\/logo\/image\/","url":"https:\/\/iccc.ch\/wp-content\/uploads\/ICCC_Logo_highres.svg","contentUrl":"https:\/\/iccc.ch\/wp-content\/uploads\/ICCC_Logo_highres.svg","width":119,"height":202,"caption":"ICCC SWITZERLAND"},"image":{"@id":"https:\/\/iccc.ch\/de\/#\/schema\/logo\/image\/"}}]}},"_links":{"self":[{"href":"https:\/\/iccc.ch\/de\/wp-json\/wp\/v2\/pages\/1639","targetHints":{"allow":["GET"]}}],"collection":[{"href":"https:\/\/iccc.ch\/de\/wp-json\/wp\/v2\/pages"}],"about":[{"href":"https:\/\/iccc.ch\/de\/wp-json\/wp\/v2\/types\/page"}],"author":[{"embeddable":true,"href":"https:\/\/iccc.ch\/de\/wp-json\/wp\/v2\/users\/12"}],"replies":[{"embeddable":true,"href":"https:\/\/iccc.ch\/de\/wp-json\/wp\/v2\/comments?post=1639"}],"version-history":[{"count":4,"href":"https:\/\/iccc.ch\/de\/wp-json\/wp\/v2\/pages\/1639\/revisions"}],"predecessor-version":[{"id":2093,"href":"https:\/\/iccc.ch\/de\/wp-json\/wp\/v2\/pages\/1639\/revisions\/2093"}],"wp:featuredmedia":[{"embeddable":true,"href":"https:\/\/iccc.ch\/de\/wp-json\/wp\/v2\/media\/1497"}],"wp:attachment":[{"href":"https:\/\/iccc.ch\/de\/wp-json\/wp\/v2\/media?parent=1639"}],"curies":[{"name":"wp","href":"https:\/\/api.w.org\/{rel}","templated":true}]}}