{"id":2101,"date":"2023-10-26T09:11:01","date_gmt":"2023-10-26T07:11:01","guid":{"rendered":"https:\/\/iccc.ch\/impressum\/"},"modified":"2026-03-25T09:04:57","modified_gmt":"2026-03-25T08:04:57","slug":"impressum","status":"publish","type":"page","link":"https:\/\/iccc.ch\/de\/impressum\/","title":{"rendered":"Impressum"},"content":{"rendered":"\t\t<div data-elementor-type=\"wp-page\" data-elementor-id=\"2101\" class=\"elementor elementor-2101 elementor-325\" data-elementor-post-type=\"page\">\n\t\t\t\t<div class=\"elementor-element elementor-element-47ff04bd e-flex e-con-boxed e-con e-parent\" data-id=\"47ff04bd\" data-element_type=\"container\" data-e-type=\"container\">\n\t\t\t\t\t<div class=\"e-con-inner\">\n\t\t\t\t<div class=\"elementor-element elementor-element-26cc1830 elementor-widget elementor-widget-heading\" data-id=\"26cc1830\" data-element_type=\"widget\" data-e-type=\"widget\" data-widget_type=\"heading.default\">\n\t\t\t\t<div class=\"elementor-widget-container\">\n\t\t\t\t\t<h1 class=\"elementor-heading-title elementor-size-default\">Impressum \u2013 Rechtliche Hinweise<\/h1>\t\t\t\t<\/div>\n\t\t\t\t<\/div>\n\t\t\t\t<div class=\"elementor-element elementor-element-1cba5c53 elementor-widget elementor-widget-text-editor\" data-id=\"1cba5c53\" data-element_type=\"widget\" data-e-type=\"widget\" data-widget_type=\"text-editor.default\">\n\t\t\t\t<div class=\"elementor-widget-container\">\n\t\t\t\t\t\t\t\t\t<p data-start=\"231\" data-end=\"556\"><strong data-start=\"231\" data-end=\"279\">Verantwortlich f\u00fcr den Inhalt dieser Website:<br><\/strong><br data-start=\"279\" data-end=\"282\"><strong data-start=\"282\" data-end=\"302\">ICCC Schweiz<\/strong><\/p><p class=\"p1\">8001 Z\u00fcrich<br>Schweiz<br><br data-start=\"444\" data-end=\"447\"><strong data-start=\"447\" data-end=\"457\">Telefon:<\/strong> [Phone number]<br data-start=\"472\" data-end=\"475\"><strong data-start=\"475\" data-end=\"485\">E-Mail:<\/strong> contact(a)iccc.ch <br data-start=\"501\" data-end=\"504\"><strong data-start=\"504\" data-end=\"516\">Website: <\/strong>www.iccc.ch<\/p><h3 data-start=\"563\" data-end=\"602\"> <\/h3><h3 data-start=\"563\" data-end=\"602\"><strong data-start=\"567\" data-end=\"600\">Vertretungsberechtigte:<\/strong><\/h3><p data-start=\"603\" data-end=\"672\">Marcus A. Bergag\u00e5rd (Pr\u00e4sident), Norbert Bollow (Sekret\u00e4r), Philippe Siraut (Kassier), Dominique Otz (Vorstandsmitglied)<\/p><h3 data-start=\"679\" data-end=\"700\"> <\/h3><h3 data-start=\"679\" data-end=\"700\"><strong data-start=\"683\" data-end=\"698\">Rechtsform:<\/strong><\/h3><p data-start=\"701\" data-end=\"852\"><a href=\"https:\/\/www.kmu.admin.ch\/kmu\/en\/home\/concrete-know-how\/setting-up-sme\/starting-business\/choosing-legal-structure\/associations.html\">Verein<\/a> (Art. <a class=\"icon icon--after icon--external\" title=\"\" href=\"https:\/\/www.admin.ch\/opc\/en\/classified-compilation\/19070042\/index.html#a60\" target=\"_blank\" rel=\"noopener\">60<\/a>&#8211;<a class=\"icon icon--after icon--external\" title=\"\" href=\"https:\/\/www.admin.ch\/opc\/en\/classified-compilation\/19070042\/index.html#a79\" target=\"_blank\" rel=\"noopener\">79<\/a> ZGB)  <\/p><p data-start=\"701\" data-end=\"852\">Eingetragen im Handelsregister: Nr.<br data-start=\"805\" data-end=\"808\"><br><\/p><h3 data-start=\"859\" data-end=\"896\"><strong data-start=\"863\" data-end=\"894\">UID-Nummer (falls zutreffend):<\/strong><\/h3><p data-start=\"897\" data-end=\"951\">Nicht zutreffend (siehe Verein oben)<\/p><h3 data-start=\"958\" data-end=\"979\"><strong data-start=\"962\" data-end=\"977\">Haftungsausschluss:<\/strong><\/h3><p data-start=\"980\" data-end=\"1188\">Die Inhalte dieser Website werden mit gr\u00f6\u00dftm\u00f6glicher Sorgfalt erstellt. Es wird jedoch keine Gew\u00e4hr f\u00fcr die Richtigkeit, Vollst\u00e4ndigkeit oder Aktualit\u00e4t der Inhalte \u00fcbernommen. Die Nutzung der bereitgestellten Informationen erfolgt auf eigene Gefahr.  <\/p><h3 data-start=\"1195\" data-end=\"1215\"><strong data-start=\"1199\" data-end=\"1213\">Urheberrecht:<\/strong><\/h3><p data-start=\"1216\" data-end=\"1395\">Alle auf dieser Website ver\u00f6ffentlichten Inhalte unterliegen dem schweizerischen Urheberrecht. Jede vom Urheberrecht nicht zugelassene Verwertung bedarf der vorherigen schriftlichen Zustimmung des jeweiligen Rechteinhabers. <\/p><h3 data-start=\"1402\" data-end=\"1432\"><strong data-start=\"1406\" data-end=\"1430\">Haftung f\u00fcr Links:<\/strong><\/h3><p data-start=\"1433\" data-end=\"1604\">Links zu Websites Dritter liegen au\u00dferhalb unseres Verantwortungsbereichs. Jegliche Verantwortung f\u00fcr solche Websites wird abgelehnt. Der Zugriff und die Nutzung solcher Websites erfolgen auf eigene Gefahr des Nutzers.  <\/p><h3 data-start=\"1611\" data-end=\"1647\"><strong data-start=\"1615\" data-end=\"1645\">Kontakt f\u00fcr rechtliche Angelegenheiten:<\/strong><\/h3><p data-start=\"1648\" data-end=\"1745\">Pr\u00e4sident f\u00fcr \u201eRechtlicher Vertreter der ICCC Schweiz\u201c<br data-start=\"1713\" data-end=\"1716\">contact(a)iccc.h<\/p>\t\t\t\t\t\t\t\t<\/div>\n\t\t\t\t<\/div>\n\t\t\t\t\t<\/div>\n\t\t\t\t<\/div>\n\t\t\t\t<\/div>\n\t\t","protected":false},"excerpt":{"rendered":"<p>Impressum \u2013 Rechtliche Hinweise Verantwortlich f\u00fcr den Inhalt dieser Website:ICCC Schweiz 8001 Z\u00fcrichSchweizTelefon: [Phone number]E-Mail: contact(a)iccc.ch Website: www.iccc.ch Vertretungsberechtigte: Marcus A. Bergag\u00e5rd (Pr\u00e4sident), Norbert Bollow (Sekret\u00e4r), Philippe Siraut (Kassier), Dominique Otz (Vorstandsmitglied) Rechtsform: Verein (Art. 60&#8211;79 ZGB) Eingetragen im Handelsregister: Nr. UID-Nummer (falls zutreffend): Nicht zutreffend (siehe Verein oben) Haftungsausschluss: Die Inhalte dieser Website werden [&hellip;]<\/p>\n","protected":false},"author":6,"featured_media":0,"parent":0,"menu_order":0,"comment_status":"closed","ping_status":"closed","template":"","meta":{"_acf_changed":false,"footnotes":""},"class_list":["post-2101","page","type-page","status-publish","hentry"],"acf":[],"yoast_head":"<!-- This site is optimized with the Yoast SEO plugin v27.3 - https:\/\/yoast.com\/product\/yoast-seo-wordpress\/ -->\n<title>Impressum ICCC CH: Rechtliche Informationen und Details - ICCC SWITZERLAND<\/title>\n<meta name=\"description\" content=\"Erfahren Sie mehr \u00fcber das Impressum der ICCC CH, ihre Verantwortlichkeiten und wie Sie uns f\u00fcr weitere Informationen kontaktieren k\u00f6nnen.\" \/>\n<meta name=\"robots\" content=\"noindex, nofollow\" \/>\n<meta property=\"og:locale\" content=\"de_DE\" \/>\n<meta property=\"og:type\" content=\"article\" \/>\n<meta property=\"og:title\" content=\"Impressum ICCC CH: Rechtliche Informationen und Details - ICCC SWITZERLAND\" \/>\n<meta property=\"og:description\" content=\"Erfahren Sie mehr \u00fcber das Impressum der ICCC CH, ihre Verantwortlichkeiten und wie Sie uns f\u00fcr weitere Informationen kontaktieren k\u00f6nnen.\" \/>\n<meta property=\"og:url\" content=\"https:\/\/iccc.ch\/de\/impressum\/\" \/>\n<meta property=\"og:site_name\" content=\"ICCC SWITZERLAND\" \/>\n<meta property=\"article:modified_time\" content=\"2026-03-25T08:04:57+00:00\" \/>\n<meta name=\"twitter:card\" content=\"summary_large_image\" \/>\n<meta name=\"twitter:label1\" content=\"Gesch\u00e4tzte Lesezeit\" \/>\n\t<meta name=\"twitter:data1\" content=\"1\u00a0Minute\" \/>\n<script type=\"application\/ld+json\" class=\"yoast-schema-graph\">{\"@context\":\"https:\\\/\\\/schema.org\",\"@graph\":[{\"@type\":\"WebPage\",\"@id\":\"https:\\\/\\\/iccc.ch\\\/de\\\/impressum\\\/\",\"url\":\"https:\\\/\\\/iccc.ch\\\/de\\\/impressum\\\/\",\"name\":\"Impressum ICCC CH: Rechtliche Informationen und Details - ICCC SWITZERLAND\",\"isPartOf\":{\"@id\":\"https:\\\/\\\/iccc.ch\\\/de\\\/#website\"},\"datePublished\":\"2023-10-26T07:11:01+00:00\",\"dateModified\":\"2026-03-25T08:04:57+00:00\",\"description\":\"Erfahren Sie mehr \u00fcber das Impressum der ICCC CH, ihre Verantwortlichkeiten und wie Sie uns f\u00fcr weitere Informationen kontaktieren k\u00f6nnen.\",\"breadcrumb\":{\"@id\":\"https:\\\/\\\/iccc.ch\\\/de\\\/impressum\\\/#breadcrumb\"},\"inLanguage\":\"de\",\"potentialAction\":[{\"@type\":\"ReadAction\",\"target\":[\"https:\\\/\\\/iccc.ch\\\/de\\\/impressum\\\/\"]}]},{\"@type\":\"BreadcrumbList\",\"@id\":\"https:\\\/\\\/iccc.ch\\\/de\\\/impressum\\\/#breadcrumb\",\"itemListElement\":[{\"@type\":\"ListItem\",\"position\":1,\"name\":\"Home\",\"item\":\"https:\\\/\\\/iccc.ch\\\/de\\\/\"},{\"@type\":\"ListItem\",\"position\":2,\"name\":\"Impressum\"}]},{\"@type\":\"WebSite\",\"@id\":\"https:\\\/\\\/iccc.ch\\\/de\\\/#website\",\"url\":\"https:\\\/\\\/iccc.ch\\\/de\\\/\",\"name\":\"ICCC SWITZERLAND\",\"description\":\"International Chamber of Christian Commerce\",\"publisher\":{\"@id\":\"https:\\\/\\\/iccc.ch\\\/de\\\/#organization\"},\"potentialAction\":[{\"@type\":\"SearchAction\",\"target\":{\"@type\":\"EntryPoint\",\"urlTemplate\":\"https:\\\/\\\/iccc.ch\\\/de\\\/?s={search_term_string}\"},\"query-input\":{\"@type\":\"PropertyValueSpecification\",\"valueRequired\":true,\"valueName\":\"search_term_string\"}}],\"inLanguage\":\"de\"},{\"@type\":\"Organization\",\"@id\":\"https:\\\/\\\/iccc.ch\\\/de\\\/#organization\",\"name\":\"ICCC SWITZERLAND\",\"url\":\"https:\\\/\\\/iccc.ch\\\/de\\\/\",\"logo\":{\"@type\":\"ImageObject\",\"inLanguage\":\"de\",\"@id\":\"https:\\\/\\\/iccc.ch\\\/de\\\/#\\\/schema\\\/logo\\\/image\\\/\",\"url\":\"https:\\\/\\\/iccc.ch\\\/wp-content\\\/uploads\\\/ICCC_Logo_highres.svg\",\"contentUrl\":\"https:\\\/\\\/iccc.ch\\\/wp-content\\\/uploads\\\/ICCC_Logo_highres.svg\",\"width\":119,\"height\":202,\"caption\":\"ICCC SWITZERLAND\"},\"image\":{\"@id\":\"https:\\\/\\\/iccc.ch\\\/de\\\/#\\\/schema\\\/logo\\\/image\\\/\"}}]}<\/script>\n<!-- \/ Yoast SEO plugin. -->","yoast_head_json":{"title":"Impressum ICCC CH: Rechtliche Informationen und Details - ICCC SWITZERLAND","description":"Erfahren Sie mehr \u00fcber das Impressum der ICCC CH, ihre Verantwortlichkeiten und wie Sie uns f\u00fcr weitere Informationen kontaktieren k\u00f6nnen.","robots":{"index":"noindex","follow":"nofollow"},"og_locale":"de_DE","og_type":"article","og_title":"Impressum ICCC CH: Rechtliche Informationen und Details - ICCC SWITZERLAND","og_description":"Erfahren Sie mehr \u00fcber das Impressum der ICCC CH, ihre Verantwortlichkeiten und wie Sie uns f\u00fcr weitere Informationen kontaktieren k\u00f6nnen.","og_url":"https:\/\/iccc.ch\/de\/impressum\/","og_site_name":"ICCC SWITZERLAND","article_modified_time":"2026-03-25T08:04:57+00:00","twitter_card":"summary_large_image","twitter_misc":{"Gesch\u00e4tzte Lesezeit":"1\u00a0Minute"},"schema":{"@context":"https:\/\/schema.org","@graph":[{"@type":"WebPage","@id":"https:\/\/iccc.ch\/de\/impressum\/","url":"https:\/\/iccc.ch\/de\/impressum\/","name":"Impressum ICCC CH: Rechtliche Informationen und Details - ICCC SWITZERLAND","isPartOf":{"@id":"https:\/\/iccc.ch\/de\/#website"},"datePublished":"2023-10-26T07:11:01+00:00","dateModified":"2026-03-25T08:04:57+00:00","description":"Erfahren Sie mehr \u00fcber das Impressum der ICCC CH, ihre Verantwortlichkeiten und wie Sie uns f\u00fcr weitere Informationen kontaktieren k\u00f6nnen.","breadcrumb":{"@id":"https:\/\/iccc.ch\/de\/impressum\/#breadcrumb"},"inLanguage":"de","potentialAction":[{"@type":"ReadAction","target":["https:\/\/iccc.ch\/de\/impressum\/"]}]},{"@type":"BreadcrumbList","@id":"https:\/\/iccc.ch\/de\/impressum\/#breadcrumb","itemListElement":[{"@type":"ListItem","position":1,"name":"Home","item":"https:\/\/iccc.ch\/de\/"},{"@type":"ListItem","position":2,"name":"Impressum"}]},{"@type":"WebSite","@id":"https:\/\/iccc.ch\/de\/#website","url":"https:\/\/iccc.ch\/de\/","name":"ICCC SWITZERLAND","description":"International Chamber of Christian Commerce","publisher":{"@id":"https:\/\/iccc.ch\/de\/#organization"},"potentialAction":[{"@type":"SearchAction","target":{"@type":"EntryPoint","urlTemplate":"https:\/\/iccc.ch\/de\/?s={search_term_string}"},"query-input":{"@type":"PropertyValueSpecification","valueRequired":true,"valueName":"search_term_string"}}],"inLanguage":"de"},{"@type":"Organization","@id":"https:\/\/iccc.ch\/de\/#organization","name":"ICCC SWITZERLAND","url":"https:\/\/iccc.ch\/de\/","logo":{"@type":"ImageObject","inLanguage":"de","@id":"https:\/\/iccc.ch\/de\/#\/schema\/logo\/image\/","url":"https:\/\/iccc.ch\/wp-content\/uploads\/ICCC_Logo_highres.svg","contentUrl":"https:\/\/iccc.ch\/wp-content\/uploads\/ICCC_Logo_highres.svg","width":119,"height":202,"caption":"ICCC SWITZERLAND"},"image":{"@id":"https:\/\/iccc.ch\/de\/#\/schema\/logo\/image\/"}}]}},"_links":{"self":[{"href":"https:\/\/iccc.ch\/de\/wp-json\/wp\/v2\/pages\/2101","targetHints":{"allow":["GET"]}}],"collection":[{"href":"https:\/\/iccc.ch\/de\/wp-json\/wp\/v2\/pages"}],"about":[{"href":"https:\/\/iccc.ch\/de\/wp-json\/wp\/v2\/types\/page"}],"author":[{"embeddable":true,"href":"https:\/\/iccc.ch\/de\/wp-json\/wp\/v2\/users\/6"}],"replies":[{"embeddable":true,"href":"https:\/\/iccc.ch\/de\/wp-json\/wp\/v2\/comments?post=2101"}],"version-history":[{"count":1,"href":"https:\/\/iccc.ch\/de\/wp-json\/wp\/v2\/pages\/2101\/revisions"}],"predecessor-version":[{"id":2102,"href":"https:\/\/iccc.ch\/de\/wp-json\/wp\/v2\/pages\/2101\/revisions\/2102"}],"wp:attachment":[{"href":"https:\/\/iccc.ch\/de\/wp-json\/wp\/v2\/media?parent=2101"}],"curies":[{"name":"wp","href":"https:\/\/api.w.org\/{rel}","templated":true}]}}