{"id":2005,"date":"2025-08-05T13:21:55","date_gmt":"2025-08-05T11:21:55","guid":{"rendered":"https:\/\/iccc.ch\/formulaire-dinscription-des-membres\/"},"modified":"2026-05-04T18:43:30","modified_gmt":"2026-05-04T16:43:30","slug":"formulaire-dinscription-des-membres","status":"publish","type":"page","link":"https:\/\/iccc.ch\/fr\/formulaire-dinscription-des-membres\/","title":{"rendered":"Formulaire d&rsquo;inscription des membres"},"content":{"rendered":"\t\t<div data-elementor-type=\"wp-page\" data-elementor-id=\"2005\" class=\"elementor elementor-2005 elementor-1293\" data-elementor-post-type=\"page\">\n\t\t\t\t<div class=\"elementor-element elementor-element-5bedc7b e-flex e-con-boxed e-con e-parent\" data-id=\"5bedc7b\" data-element_type=\"container\" data-e-type=\"container\" data-settings=\"{&quot;background_background&quot;:&quot;classic&quot;}\">\n\t\t\t\t\t<div class=\"e-con-inner\">\n\t\t\t\t<div class=\"elementor-element elementor-element-c3ef19d elementor-widget elementor-widget-heading\" data-id=\"c3ef19d\" data-element_type=\"widget\" data-e-type=\"widget\" data-widget_type=\"heading.default\">\n\t\t\t\t<div class=\"elementor-widget-container\">\n\t\t\t\t\t<h1 class=\"elementor-heading-title elementor-size-default\">Formulaire d'inscription des membres<\/h1>\t\t\t\t<\/div>\n\t\t\t\t<\/div>\n\t\t\t\t<div class=\"elementor-element elementor-element-cccaf24 elementor-widget elementor-widget-text-editor\" data-id=\"cccaf24\" data-element_type=\"widget\" data-e-type=\"widget\" data-widget_type=\"text-editor.default\">\n\t\t\t\t<div class=\"elementor-widget-container\">\n\t\t\t\t\t\t\t\t\t<p data-start=\"209\" data-end=\"285\">Pr\u00eat(e) \u00e0 franchir la prochaine \u00e9tape ? Nous sommes ravis que vous envisagiez de devenir membre de l&rsquo;ICCC Suisse. <\/p><p data-start=\"287\" data-end=\"471\">Pour nous aider \u00e0 mieux vous conna\u00eetre et \u00e0 vous accueillir comme il se doit, veuillez remplir le formulaire ci-dessous. Une fois soumis, notre \u00e9quipe vous contactera personnellement pour vous guider \u00e0 travers les prochaines \u00e9tapes. <\/p>\t\t\t\t\t\t\t\t<\/div>\n\t\t\t\t<\/div>\n\t\t\t\t<div class=\"elementor-element elementor-element-bb27711 elementor-button-align-end elementor-widget elementor-widget-form\" data-id=\"bb27711\" data-element_type=\"widget\" data-e-type=\"widget\" data-settings=\"{&quot;step_next_label&quot;:&quot;Suivant&quot;,&quot;step_previous_label&quot;:&quot;Pr\\u00e9c\\u00e9dent&quot;,&quot;button_width&quot;:&quot;100&quot;,&quot;step_type&quot;:&quot;number_text&quot;,&quot;step_icon_shape&quot;:&quot;circle&quot;}\" data-widget_type=\"form.default\">\n\t\t\t\t<div class=\"elementor-widget-container\">\n\t\t\t\t\t\t\t<form class=\"elementor-form\" method=\"post\" name=\"Nouveau formulaire\" aria-label=\"Nouveau formulaire\">\n\t\t\t<input type=\"hidden\" name=\"post_id\" value=\"2005\"\/>\n\t\t\t<input type=\"hidden\" name=\"form_id\" value=\"bb27711\"\/>\n\t\t\t<input type=\"hidden\" name=\"referer_title\" value=\"Inscrivez-vous d\u00e8s maintenant \u00e0 l&#039;ICCC\" \/>\n\n\t\t\t\t\t\t\t<input type=\"hidden\" name=\"queried_id\" value=\"2005\"\/>\n\t\t\t\n\t\t\t<div class=\"elementor-form-fields-wrapper elementor-labels-above\">\n\t\t\t\t\t\t\t\t<div class=\"elementor-field-type-step elementor-field-group elementor-column elementor-field-group-field_db966dd elementor-col-100\">\n\t\t\t\t\t\t\t<div class=\"e-field-step elementor-hidden\" data-label=\"\" data-previousButton=\"\" data-nextButton=\"\" data-iconUrl=\"\" data-iconLibrary=\"fas fa-star\" data-icon=\"\" ><\/div>\n\n\t\t\t\t\t\t<\/div>\n\t\t\t\t\t\t\t\t<div class=\"elementor-field-type-text elementor-field-group elementor-column elementor-field-group-name elementor-col-20\">\n\t\t\t\t\t\t\t\t\t\t\t\t<label for=\"form-field-name\" class=\"elementor-field-label\">\n\t\t\t\t\t\t\t\tTitre\t\t\t\t\t\t\t<\/label>\n\t\t\t\t\t\t\t\t\t\t\t\t\t\t<input size=\"1\" type=\"text\" name=\"form_fields[name]\" id=\"form-field-name\" class=\"elementor-field elementor-size-sm  elementor-field-textual\" placeholder=\"Titre\">\n\t\t\t\t\t\t\t\t\t\t\t<\/div>\n\t\t\t\t\t\t\t\t<div class=\"elementor-field-type-text elementor-field-group elementor-column elementor-field-group-field_4d56981 elementor-col-40 elementor-field-required\">\n\t\t\t\t\t\t\t\t\t\t\t\t<label for=\"form-field-field_4d56981\" class=\"elementor-field-label\">\n\t\t\t\t\t\t\t\tPr\u00e9nom\t\t\t\t\t\t\t<\/label>\n\t\t\t\t\t\t\t\t\t\t\t\t\t\t<input size=\"1\" type=\"text\" name=\"form_fields[field_4d56981]\" id=\"form-field-field_4d56981\" class=\"elementor-field elementor-size-sm  elementor-field-textual\" placeholder=\"Pr\u00e9nom\" required=\"required\">\n\t\t\t\t\t\t\t\t\t\t\t<\/div>\n\t\t\t\t\t\t\t\t<div class=\"elementor-field-type-text elementor-field-group elementor-column elementor-field-group-field_a76ba18 elementor-col-40 elementor-field-required\">\n\t\t\t\t\t\t\t\t\t\t\t\t<label for=\"form-field-field_a76ba18\" class=\"elementor-field-label\">\n\t\t\t\t\t\t\t\tNom de famille\t\t\t\t\t\t\t<\/label>\n\t\t\t\t\t\t\t\t\t\t\t\t\t\t<input size=\"1\" type=\"text\" name=\"form_fields[field_a76ba18]\" id=\"form-field-field_a76ba18\" class=\"elementor-field elementor-size-sm  elementor-field-textual\" placeholder=\"Nom de famille\" required=\"required\">\n\t\t\t\t\t\t\t\t\t\t\t<\/div>\n\t\t\t\t\t\t\t\t<div class=\"elementor-field-type-text elementor-field-group elementor-column elementor-field-group-field_4783956 elementor-col-50 elementor-field-required\">\n\t\t\t\t\t\t\t\t\t\t\t\t<label for=\"form-field-field_4783956\" class=\"elementor-field-label\">\n\t\t\t\t\t\t\t\tProfession\t\t\t\t\t\t\t<\/label>\n\t\t\t\t\t\t\t\t\t\t\t\t\t\t<input size=\"1\" type=\"text\" name=\"form_fields[field_4783956]\" id=\"form-field-field_4783956\" class=\"elementor-field elementor-size-sm  elementor-field-textual\" placeholder=\"Profession\" required=\"required\">\n\t\t\t\t\t\t\t\t\t\t\t<\/div>\n\t\t\t\t\t\t\t\t<div class=\"elementor-field-type-select elementor-field-group elementor-column elementor-field-group-field_1935119 elementor-col-50 elementor-field-required\">\n\t\t\t\t\t\t\t\t\t\t\t\t<label for=\"form-field-field_1935119\" class=\"elementor-field-label\">\n\t\t\t\t\t\t\t\tType d'adh\u00e9sion\t\t\t\t\t\t\t<\/label>\n\t\t\t\t\t\t\t\t<div class=\"elementor-field elementor-select-wrapper remove-before \">\n\t\t\t<div class=\"select-caret-down-wrapper\">\n\t\t\t\t<i aria-hidden=\"true\" class=\"eicon-caret-down\"><\/i>\t\t\t<\/div>\n\t\t\t<select name=\"form_fields[field_1935119]\" id=\"form-field-field_1935119\" class=\"elementor-field-textual elementor-size-sm\" required=\"required\">\n\t\t\t\t\t\t\t\t\t<option value=\"Jeune professionnel (50 CHF)\">Jeune professionnel (50 CHF)<\/option>\n\t\t\t\t\t\t\t\t\t<option value=\"Cadre (200 CHF)\">Cadre (200 CHF)<\/option>\n\t\t\t\t\t\t\t\t\t<option value=\"Petite entreprise (300 CHF)\">Petite entreprise (300 CHF)<\/option>\n\t\t\t\t\t\t\t<\/select>\n\t\t<\/div>\n\t\t\t\t\t\t<\/div>\n\t\t\t\t\t\t\t\t<div class=\"elementor-field-type-step elementor-field-group elementor-column elementor-field-group-field_0b4c43e elementor-col-100\">\n\t\t\t\t\t\t\t<div class=\"e-field-step elementor-hidden\" data-label=\"\" data-previousButton=\"\" data-nextButton=\"\" data-iconUrl=\"\" data-iconLibrary=\"fas fa-star\" data-icon=\"\" ><\/div>\n\n\t\t\t\t\t\t<\/div>\n\t\t\t\t\t\t\t\t<div class=\"elementor-field-type-text elementor-field-group elementor-column elementor-field-group-field_c3d49c0 elementor-col-40 elementor-field-required\">\n\t\t\t\t\t\t\t\t\t\t\t\t<label for=\"form-field-field_c3d49c0\" class=\"elementor-field-label\">\n\t\t\t\t\t\t\t\tAdresse\t\t\t\t\t\t\t<\/label>\n\t\t\t\t\t\t\t\t\t\t\t\t\t\t<input size=\"1\" type=\"text\" name=\"form_fields[field_c3d49c0]\" id=\"form-field-field_c3d49c0\" class=\"elementor-field elementor-size-sm  elementor-field-textual\" placeholder=\"Votre rue + num\u00e9ro\" required=\"required\">\n\t\t\t\t\t\t\t\t\t\t\t<\/div>\n\t\t\t\t\t\t\t\t<div class=\"elementor-field-type-number elementor-field-group elementor-column elementor-field-group-field_5105fef elementor-col-20 elementor-field-required\">\n\t\t\t\t\t\t\t\t\t\t\t\t<label for=\"form-field-field_5105fef\" class=\"elementor-field-label\">\n\t\t\t\t\t\t\t\tAdresse\t\t\t\t\t\t\t<\/label>\n\t\t\t\t\t\t\t\t\t<input type=\"number\" name=\"form_fields[field_5105fef]\" id=\"form-field-field_5105fef\" class=\"elementor-field elementor-size-sm  elementor-field-textual\" placeholder=\"Code postal\" required=\"required\" min=\"\" max=\"\" >\n\t\t\t\t\t\t<\/div>\n\t\t\t\t\t\t\t\t<div class=\"elementor-field-type-text elementor-field-group elementor-column elementor-field-group-field_eacdc6c elementor-col-40 elementor-field-required\">\n\t\t\t\t\t\t\t\t\t\t\t\t<label for=\"form-field-field_eacdc6c\" class=\"elementor-field-label\">\n\t\t\t\t\t\t\t\tVille\t\t\t\t\t\t\t<\/label>\n\t\t\t\t\t\t\t\t\t\t\t\t\t\t<input size=\"1\" type=\"text\" name=\"form_fields[field_eacdc6c]\" id=\"form-field-field_eacdc6c\" class=\"elementor-field elementor-size-sm  elementor-field-textual\" placeholder=\"Ville\" required=\"required\">\n\t\t\t\t\t\t\t\t\t\t\t<\/div>\n\t\t\t\t\t\t\t\t<div class=\"elementor-field-type-email elementor-field-group elementor-column elementor-field-group-email elementor-col-50 elementor-field-required\">\n\t\t\t\t\t\t\t\t\t\t\t\t<label for=\"form-field-email\" class=\"elementor-field-label\">\n\t\t\t\t\t\t\t\tE-mail\t\t\t\t\t\t\t<\/label>\n\t\t\t\t\t\t\t\t\t\t\t\t\t\t<input size=\"1\" type=\"email\" name=\"form_fields[email]\" id=\"form-field-email\" class=\"elementor-field elementor-size-sm  elementor-field-textual\" placeholder=\"E-mail\" required=\"required\">\n\t\t\t\t\t\t\t\t\t\t\t<\/div>\n\t\t\t\t\t\t\t\t<div class=\"elementor-field-type-tel elementor-field-group elementor-column elementor-field-group-field_6aedc95 elementor-col-50\">\n\t\t\t\t\t\t\t\t\t\t\t\t<label for=\"form-field-field_6aedc95\" class=\"elementor-field-label\">\n\t\t\t\t\t\t\t\tN\u00b0 de portable\t\t\t\t\t\t\t<\/label>\n\t\t\t\t\t\t\t\t<input size=\"1\" type=\"tel\" name=\"form_fields[field_6aedc95]\" id=\"form-field-field_6aedc95\" class=\"elementor-field elementor-size-sm  elementor-field-textual\" placeholder=\"N\u00b0 de portable\" pattern=\"[0-9()#&amp;+*-=.]+\" title=\"Seuls les caract\u00e8res de num\u00e9ros de t\u00e9l\u00e9phone (#, -, *, etc.) sont accept\u00e9s.\">\n\n\t\t\t\t\t\t<\/div>\n\t\t\t\t\t\t\t\t<div class=\"elementor-field-type-acceptance elementor-field-group elementor-column elementor-field-group-field_92d1782 elementor-col-100\">\n\t\t\t\t\t\t\t<div class=\"elementor-field-subgroup\">\n\t\t\t<span class=\"elementor-field-option\">\n\t\t\t\t<input type=\"checkbox\" name=\"form_fields[field_92d1782]\" id=\"form-field-field_92d1782\" class=\"elementor-field elementor-size-sm  elementor-acceptance-field\" checked=\"checked\">\n\t\t\t\t<label for=\"form-field-field_92d1782\">En soumettant ce formulaire, j'accepte que l'ICCC Suisse puisse me contacter par e-mail ou par t\u00e9l\u00e9phone concernant ma demande d'adh\u00e9sion et les mises \u00e0 jour associ\u00e9es.\nJe comprends que la soumission de ce formulaire ne fait pas encore de moi un membre officiel de l'ICCC.<\/label>\t\t\t<\/span>\n\t\t<\/div>\n\t\t\t\t\t\t<\/div>\n\t\t\t\t\t\t\t\t<div class=\"elementor-field-type-recaptcha_v3 elementor-field-group elementor-column elementor-field-group-field_11222f2 elementor-col-100 recaptcha_v3-inline\">\n\t\t\t\t\t<div class=\"elementor-field\" id=\"form-field-field_11222f2\"><div class=\"elementor-g-recaptcha\" data-sitekey=\"6Lf2ZdIrAAAAADmv4lPKPeqZoMdDmJpWlrrCwDvR\" data-type=\"v3\" data-action=\"Form\" data-badge=\"inline\" data-size=\"invisible\"><\/div><\/div>\t\t\t\t<\/div>\n\t\t\t\t\t\t\t\t<div class=\"elementor-field-group elementor-column elementor-field-type-submit elementor-col-100 e-form__buttons\">\n\t\t\t\t\t<button class=\"elementor-button elementor-size-sm\" type=\"submit\">\n\t\t\t\t\t\t<span class=\"elementor-button-content-wrapper\">\n\t\t\t\t\t\t\t\t\t\t\t\t\t\t\t\t\t\t\t\t\t\t<span class=\"elementor-button-text\">Envoyer<\/span>\n\t\t\t\t\t\t\t\t\t\t\t\t\t<\/span>\n\t\t\t\t\t<\/button>\n\t\t\t\t<\/div>\n\t\t\t<\/div>\n\t\t<\/form>\n\t\t\t\t\t\t<\/div>\n\t\t\t\t<\/div>\n\t\t\t\t<div class=\"elementor-element elementor-element-f5539b0 elementor-widget__width-initial elementor-widget elementor-widget-text-editor\" data-id=\"f5539b0\" data-element_type=\"widget\" data-e-type=\"widget\" data-widget_type=\"text-editor.default\">\n\t\t\t\t<div class=\"elementor-widget-container\">\n\t\t\t\t\t\t\t\t\t<p>Si vous estimez ne pas appartenir \u00e0 l&rsquo;une des 3 cat\u00e9gories ci-dessus, veuillez nous contacter directement \u00e0 <a href=\"mailto:contact@iccc.ch\">contact@iccc.ch<\/a>. Nous serions ravis de discuter d&rsquo;autres options d&rsquo;adh\u00e9sion. <\/p>\t\t\t\t\t\t\t\t<\/div>\n\t\t\t\t<\/div>\n\t\t\t\t\t<\/div>\n\t\t\t\t<\/div>\n\t\t\t\t<\/div>\n\t\t","protected":false},"excerpt":{"rendered":"<p>Formulaire d&rsquo;inscription des membres Pr\u00eat(e) \u00e0 franchir la prochaine \u00e9tape ? Nous sommes ravis que vous envisagiez de devenir membre de l&rsquo;ICCC Suisse. Pour nous aider \u00e0 mieux vous conna\u00eetre et \u00e0 vous accueillir comme il se doit, veuillez remplir le formulaire ci-dessous. Une fois soumis, notre \u00e9quipe vous contactera personnellement pour vous guider \u00e0 [&hellip;]<\/p>\n","protected":false},"author":12,"featured_media":1496,"parent":0,"menu_order":0,"comment_status":"closed","ping_status":"closed","template":"","meta":{"_acf_changed":false,"footnotes":""},"class_list":["post-2005","page","type-page","status-publish","has-post-thumbnail","hentry"],"acf":[],"yoast_head":"<!-- This site is optimized with the Yoast SEO plugin v27.5 - https:\/\/yoast.com\/product\/yoast-seo-wordpress\/ -->\n<title>Inscrivez-vous d\u00e8s maintenant \u00e0 l&#039;ICCC<\/title>\n<meta name=\"description\" content=\"Rejoignez l&#039;ICCC Suisse \u2013 inscrivez-vous d\u00e8s aujourd&#039;hui et connectez-vous avec des leaders d&#039;entreprise chr\u00e9tiens \u00e0 travers l&#039;Europe. L&#039;adh\u00e9sion commence \u00e0...\" \/>\n<meta name=\"robots\" content=\"index, follow, max-snippet:-1, max-image-preview:large, max-video-preview:-1\" \/>\n<link rel=\"canonical\" href=\"https:\/\/iccc.ch\/fr\/formulaire-dinscription-des-membres\/\" \/>\n<meta property=\"og:locale\" content=\"fr_FR\" \/>\n<meta property=\"og:type\" content=\"article\" \/>\n<meta property=\"og:title\" content=\"Inscrivez-vous d\u00e8s maintenant \u00e0 l&#039;ICCC\" \/>\n<meta property=\"og:description\" content=\"Rejoignez l&#039;ICCC Suisse \u2013 inscrivez-vous d\u00e8s aujourd&#039;hui et connectez-vous avec des leaders d&#039;entreprise chr\u00e9tiens \u00e0 travers l&#039;Europe. L&#039;adh\u00e9sion commence \u00e0...\" \/>\n<meta property=\"og:url\" content=\"https:\/\/iccc.ch\/fr\/formulaire-dinscription-des-membres\/\" \/>\n<meta property=\"og:site_name\" content=\"ICCC SWITZERLAND\" \/>\n<meta property=\"article:modified_time\" content=\"2026-05-04T16:43:30+00:00\" \/>\n<meta property=\"og:image\" content=\"https:\/\/iccc.ch\/wp-content\/uploads\/2149291035.jpg\" \/>\n\t<meta property=\"og:image:width\" content=\"1200\" \/>\n\t<meta property=\"og:image:height\" content=\"800\" \/>\n\t<meta property=\"og:image:type\" content=\"image\/jpeg\" \/>\n<meta name=\"twitter:card\" content=\"summary_large_image\" \/>\n<script type=\"application\/ld+json\" class=\"yoast-schema-graph\">{\"@context\":\"https:\\\/\\\/schema.org\",\"@graph\":[{\"@type\":\"WebPage\",\"@id\":\"https:\\\/\\\/iccc.ch\\\/fr\\\/formulaire-dinscription-des-membres\\\/\",\"url\":\"https:\\\/\\\/iccc.ch\\\/fr\\\/formulaire-dinscription-des-membres\\\/\",\"name\":\"Inscrivez-vous d\u00e8s maintenant \u00e0 l'ICCC\",\"isPartOf\":{\"@id\":\"https:\\\/\\\/iccc.ch\\\/fr\\\/#website\"},\"primaryImageOfPage\":{\"@id\":\"https:\\\/\\\/iccc.ch\\\/fr\\\/formulaire-dinscription-des-membres\\\/#primaryimage\"},\"image\":{\"@id\":\"https:\\\/\\\/iccc.ch\\\/fr\\\/formulaire-dinscription-des-membres\\\/#primaryimage\"},\"thumbnailUrl\":\"https:\\\/\\\/iccc.ch\\\/wp-content\\\/uploads\\\/2149291035.jpg\",\"datePublished\":\"2025-08-05T11:21:55+00:00\",\"dateModified\":\"2026-05-04T16:43:30+00:00\",\"description\":\"Rejoignez l'ICCC Suisse \u2013 inscrivez-vous d\u00e8s aujourd'hui et connectez-vous avec des leaders d'entreprise chr\u00e9tiens \u00e0 travers l'Europe. L'adh\u00e9sion commence \u00e0...\",\"breadcrumb\":{\"@id\":\"https:\\\/\\\/iccc.ch\\\/fr\\\/formulaire-dinscription-des-membres\\\/#breadcrumb\"},\"inLanguage\":\"fr-FR\",\"potentialAction\":[{\"@type\":\"ReadAction\",\"target\":[\"https:\\\/\\\/iccc.ch\\\/fr\\\/formulaire-dinscription-des-membres\\\/\"]}]},{\"@type\":\"ImageObject\",\"inLanguage\":\"fr-FR\",\"@id\":\"https:\\\/\\\/iccc.ch\\\/fr\\\/formulaire-dinscription-des-membres\\\/#primaryimage\",\"url\":\"https:\\\/\\\/iccc.ch\\\/wp-content\\\/uploads\\\/2149291035.jpg\",\"contentUrl\":\"https:\\\/\\\/iccc.ch\\\/wp-content\\\/uploads\\\/2149291035.jpg\",\"width\":1200,\"height\":800},{\"@type\":\"BreadcrumbList\",\"@id\":\"https:\\\/\\\/iccc.ch\\\/fr\\\/formulaire-dinscription-des-membres\\\/#breadcrumb\",\"itemListElement\":[{\"@type\":\"ListItem\",\"position\":1,\"name\":\"Home\",\"item\":\"https:\\\/\\\/iccc.ch\\\/fr\\\/page-daccueil\\\/\"},{\"@type\":\"ListItem\",\"position\":2,\"name\":\"Formulaire d&rsquo;inscription des membres\"}]},{\"@type\":\"WebSite\",\"@id\":\"https:\\\/\\\/iccc.ch\\\/fr\\\/#website\",\"url\":\"https:\\\/\\\/iccc.ch\\\/fr\\\/\",\"name\":\"ICCC SWITZERLAND\",\"description\":\"International Chamber of Christian Commerce\",\"publisher\":{\"@id\":\"https:\\\/\\\/iccc.ch\\\/fr\\\/#organization\"},\"potentialAction\":[{\"@type\":\"SearchAction\",\"target\":{\"@type\":\"EntryPoint\",\"urlTemplate\":\"https:\\\/\\\/iccc.ch\\\/fr\\\/?s={search_term_string}\"},\"query-input\":{\"@type\":\"PropertyValueSpecification\",\"valueRequired\":true,\"valueName\":\"search_term_string\"}}],\"inLanguage\":\"fr-FR\"},{\"@type\":\"Organization\",\"@id\":\"https:\\\/\\\/iccc.ch\\\/fr\\\/#organization\",\"name\":\"ICCC SWITZERLAND\",\"url\":\"https:\\\/\\\/iccc.ch\\\/fr\\\/\",\"logo\":{\"@type\":\"ImageObject\",\"inLanguage\":\"fr-FR\",\"@id\":\"https:\\\/\\\/iccc.ch\\\/fr\\\/#\\\/schema\\\/logo\\\/image\\\/\",\"url\":\"https:\\\/\\\/iccc.ch\\\/wp-content\\\/uploads\\\/ICCC_Logo_highres.svg\",\"contentUrl\":\"https:\\\/\\\/iccc.ch\\\/wp-content\\\/uploads\\\/ICCC_Logo_highres.svg\",\"width\":119,\"height\":202,\"caption\":\"ICCC SWITZERLAND\"},\"image\":{\"@id\":\"https:\\\/\\\/iccc.ch\\\/fr\\\/#\\\/schema\\\/logo\\\/image\\\/\"}}]}<\/script>\n<!-- \/ Yoast SEO plugin. -->","yoast_head_json":{"title":"Inscrivez-vous d\u00e8s maintenant \u00e0 l'ICCC","description":"Rejoignez l'ICCC Suisse \u2013 inscrivez-vous d\u00e8s aujourd'hui et connectez-vous avec des leaders d'entreprise chr\u00e9tiens \u00e0 travers l'Europe. L'adh\u00e9sion commence \u00e0...","robots":{"index":"index","follow":"follow","max-snippet":"max-snippet:-1","max-image-preview":"max-image-preview:large","max-video-preview":"max-video-preview:-1"},"canonical":"https:\/\/iccc.ch\/fr\/formulaire-dinscription-des-membres\/","og_locale":"fr_FR","og_type":"article","og_title":"Inscrivez-vous d\u00e8s maintenant \u00e0 l'ICCC","og_description":"Rejoignez l'ICCC Suisse \u2013 inscrivez-vous d\u00e8s aujourd'hui et connectez-vous avec des leaders d'entreprise chr\u00e9tiens \u00e0 travers l'Europe. L'adh\u00e9sion commence \u00e0...","og_url":"https:\/\/iccc.ch\/fr\/formulaire-dinscription-des-membres\/","og_site_name":"ICCC SWITZERLAND","article_modified_time":"2026-05-04T16:43:30+00:00","og_image":[{"width":1200,"height":800,"url":"https:\/\/iccc.ch\/wp-content\/uploads\/2149291035.jpg","type":"image\/jpeg"}],"twitter_card":"summary_large_image","schema":{"@context":"https:\/\/schema.org","@graph":[{"@type":"WebPage","@id":"https:\/\/iccc.ch\/fr\/formulaire-dinscription-des-membres\/","url":"https:\/\/iccc.ch\/fr\/formulaire-dinscription-des-membres\/","name":"Inscrivez-vous d\u00e8s maintenant \u00e0 l'ICCC","isPartOf":{"@id":"https:\/\/iccc.ch\/fr\/#website"},"primaryImageOfPage":{"@id":"https:\/\/iccc.ch\/fr\/formulaire-dinscription-des-membres\/#primaryimage"},"image":{"@id":"https:\/\/iccc.ch\/fr\/formulaire-dinscription-des-membres\/#primaryimage"},"thumbnailUrl":"https:\/\/iccc.ch\/wp-content\/uploads\/2149291035.jpg","datePublished":"2025-08-05T11:21:55+00:00","dateModified":"2026-05-04T16:43:30+00:00","description":"Rejoignez l'ICCC Suisse \u2013 inscrivez-vous d\u00e8s aujourd'hui et connectez-vous avec des leaders d'entreprise chr\u00e9tiens \u00e0 travers l'Europe. L'adh\u00e9sion commence \u00e0...","breadcrumb":{"@id":"https:\/\/iccc.ch\/fr\/formulaire-dinscription-des-membres\/#breadcrumb"},"inLanguage":"fr-FR","potentialAction":[{"@type":"ReadAction","target":["https:\/\/iccc.ch\/fr\/formulaire-dinscription-des-membres\/"]}]},{"@type":"ImageObject","inLanguage":"fr-FR","@id":"https:\/\/iccc.ch\/fr\/formulaire-dinscription-des-membres\/#primaryimage","url":"https:\/\/iccc.ch\/wp-content\/uploads\/2149291035.jpg","contentUrl":"https:\/\/iccc.ch\/wp-content\/uploads\/2149291035.jpg","width":1200,"height":800},{"@type":"BreadcrumbList","@id":"https:\/\/iccc.ch\/fr\/formulaire-dinscription-des-membres\/#breadcrumb","itemListElement":[{"@type":"ListItem","position":1,"name":"Home","item":"https:\/\/iccc.ch\/fr\/page-daccueil\/"},{"@type":"ListItem","position":2,"name":"Formulaire d&rsquo;inscription des membres"}]},{"@type":"WebSite","@id":"https:\/\/iccc.ch\/fr\/#website","url":"https:\/\/iccc.ch\/fr\/","name":"ICCC SWITZERLAND","description":"International Chamber of Christian Commerce","publisher":{"@id":"https:\/\/iccc.ch\/fr\/#organization"},"potentialAction":[{"@type":"SearchAction","target":{"@type":"EntryPoint","urlTemplate":"https:\/\/iccc.ch\/fr\/?s={search_term_string}"},"query-input":{"@type":"PropertyValueSpecification","valueRequired":true,"valueName":"search_term_string"}}],"inLanguage":"fr-FR"},{"@type":"Organization","@id":"https:\/\/iccc.ch\/fr\/#organization","name":"ICCC SWITZERLAND","url":"https:\/\/iccc.ch\/fr\/","logo":{"@type":"ImageObject","inLanguage":"fr-FR","@id":"https:\/\/iccc.ch\/fr\/#\/schema\/logo\/image\/","url":"https:\/\/iccc.ch\/wp-content\/uploads\/ICCC_Logo_highres.svg","contentUrl":"https:\/\/iccc.ch\/wp-content\/uploads\/ICCC_Logo_highres.svg","width":119,"height":202,"caption":"ICCC SWITZERLAND"},"image":{"@id":"https:\/\/iccc.ch\/fr\/#\/schema\/logo\/image\/"}}]}},"_links":{"self":[{"href":"https:\/\/iccc.ch\/fr\/wp-json\/wp\/v2\/pages\/2005","targetHints":{"allow":["GET"]}}],"collection":[{"href":"https:\/\/iccc.ch\/fr\/wp-json\/wp\/v2\/pages"}],"about":[{"href":"https:\/\/iccc.ch\/fr\/wp-json\/wp\/v2\/types\/page"}],"author":[{"embeddable":true,"href":"https:\/\/iccc.ch\/fr\/wp-json\/wp\/v2\/users\/12"}],"replies":[{"embeddable":true,"href":"https:\/\/iccc.ch\/fr\/wp-json\/wp\/v2\/comments?post=2005"}],"version-history":[{"count":1,"href":"https:\/\/iccc.ch\/fr\/wp-json\/wp\/v2\/pages\/2005\/revisions"}],"predecessor-version":[{"id":2006,"href":"https:\/\/iccc.ch\/fr\/wp-json\/wp\/v2\/pages\/2005\/revisions\/2006"}],"wp:featuredmedia":[{"embeddable":true,"href":"https:\/\/iccc.ch\/fr\/wp-json\/wp\/v2\/media\/1496"}],"wp:attachment":[{"href":"https:\/\/iccc.ch\/fr\/wp-json\/wp\/v2\/media?parent=2005"}],"curies":[{"name":"wp","href":"https:\/\/api.w.org\/{rel}","templated":true}]}}